{"id":10463,"date":"2025-12-05T17:06:19","date_gmt":"2025-12-05T09:06:19","guid":{"rendered":"https:\/\/awardora.com\/product\/%e3%82%b4%e3%83%ab%e3%83%95%e3%83%88%e3%83%ad%e3%83%95%e3%82%a3%e3%83%bc-2\/"},"modified":"2025-12-05T17:06:19","modified_gmt":"2025-12-05T09:06:19","slug":"%e3%82%b4%e3%83%ab%e3%83%95%e3%83%88%e3%83%ad%e3%83%95%e3%82%a3%e3%83%bc-2","status":"publish","type":"product","link":"https:\/\/awardora.com\/ja\/product\/%e3%82%b4%e3%83%ab%e3%83%95%e3%83%88%e3%83%ad%e3%83%95%e3%82%a3%e3%83%bc-2\/","title":{"rendered":"\u30b4\u30eb\u30d5\u30c8\u30ed\u30d5\u30a3\u30fc #2"},"content":{"rendered":"<h2 data-start=\"555\" data-end=\"572\"><strong data-start=\"558\" data-end=\"572\">\u30cf\u30a4\u30e9\u30a4\u30c8<\/strong><\/h2>\n<ul data-start=\"573\" data-end=\"898\">\n<li data-start=\"573\" data-end=\"653\">\n<p data-start=\"575\" data-end=\"653\">\u30d7\u30ed\u30fb\u30a2\u30de\u30c1\u30e5\u30a2\u306e\u30b4\u30eb\u30d5\u30a4\u30d9\u30f3\u30c8\u306b\u9069\u3057\u305f\u30a8\u30ec\u30ac\u30f3\u30c8\u306a\u30b9\u30a4\u30f3\u30b0\u30dd\u30fc\u30ba<\/p>\n<\/li>\n<li data-start=\"654\" data-end=\"722\">\n<p data-start=\"656\" data-end=\"722\">\u30af\u30ea\u30b9\u30bf\u30eb\u53f0\u5ea7\u306f\u8996\u899a\u7684\u306a\u30a4\u30f3\u30d1\u30af\u30c8\u3068\u30d7\u30ec\u30bc\u30f3\u30c6\u30fc\u30b7\u30e7\u30f3\u306e\u8cea\u3092\u9ad8\u3081\u307e\u3059<\/p>\n<\/li>\n<li data-start=\"723\" data-end=\"782\">\n<p data-start=\"725\" data-end=\"782\">\u6e05\u6f54\u3067\u6d17\u7df4\u3055\u308c\u305f\u5f6b\u523b\u306e\u305f\u3081\u306b\u8a2d\u8a08\u3055\u308c\u305f\u7121\u57a2\u306a\u6728\u88fd\u30d9\u30fc\u30b9<\/p>\n<\/li>\n<li data-start=\"783\" data-end=\"898\">\n<p data-start=\"785\" data-end=\"898\">\u30b4\u30eb\u30d5\u30c8\u30fc\u30ca\u30e1\u30f3\u30c8\u3001\u30af\u30e9\u30d6\u8868\u5f70\u3001\u30c1\u30e3\u30ea\u30c6\u30a3\u30b4\u30eb\u30d5\u30c7\u30fc\u3001\u300c\u6700\u9577\u30c9\u30e9\u30a4\u30d6\u300d\u300c\u30d4\u30f3\u306b\u6700\u3082\u8fd1\u3044\u300d\u8cde\u306b\u9069\u3057\u3066\u3044\u307e\u3059<\/p>\n<\/li>\n<\/ul>\n<hr data-start=\"900\" data-end=\"903\">\n<h2 data-start=\"905\" data-end=\"926\"><strong data-start=\"908\" data-end=\"926\">\u4ed5\u69d8<\/strong><\/h2>\n<ul data-start=\"927\" data-end=\"1194\">\n<li data-start=\"945\" data-end=\"1004\">\n<p data-start=\"947\" data-end=\"1004\"><strong data-start=\"947\" data-end=\"956\">\u30b5\u30a4\u30ba:<\/strong> 25.5 \u00d7 8.5 \u00d7 8.5 cm(10.0 \u00d7 3.3 \u00d7 3.3\u30a4\u30f3\u30c1)<\/p>\n<\/li>\n<li data-start=\"945\" data-end=\"1004\"><strong data-start=\"1143\" data-end=\"1161\">\u30ab\u30e9\u30fc\u306e\u9078\u629e\u80a2:<\/strong> \u30b4\u30fc\u30eb\u30c9\u30b9\u30bf\u30f3\u30c0\u30fc\u30c9\u4ed5\u4e0a\u3052; <strong data-start=\"1200\" data-end=\"1210\">\u30b7\u30eb\u30d0\u30fc<\/strong>\u3001 <strong data-start=\"1212\" data-end=\"1222\">\u30d6\u30ed\u30f3\u30ba<\/strong>\u3001\u305d\u306e\u4ed6\u306e\u30ab\u30b9\u30bf\u30e0\u30ab\u30e9\u30fc\u3067\u30ab\u30b9\u30bf\u30de\u30a4\u30ba\u53ef\u80fd\u3067\u3059<\/li>\n<li data-start=\"1005\" data-end=\"1067\">\n<p data-start=\"1007\" data-end=\"1067\"><strong data-start=\"1007\" data-end=\"1021\">\u6559\u6750:<\/strong> \u91d1\u5c5e\u88fd\u306e\u4eba\u5f62\u3001\u30af\u30ea\u30b9\u30bf\u30eb\u53f0\u5ea7\u3001\u6728\u88fd\u306e\u53f0\u5ea7<\/p>\n<\/li>\n<li data-start=\"1068\" data-end=\"1124\">\n<p data-start=\"1070\" data-end=\"1124\"><strong data-start=\"1070\" data-end=\"1081\">\u4ed5\u4e0a\u3052:<\/strong> \u30b4\u30fc\u30eb\u30c9\u306e\u30b4\u30eb\u30d5\u30a1\u30fc\u3001\u30af\u30ea\u30a2\u30af\u30ea\u30b9\u30bf\u30eb\u3001\u5929\u7136\u306e\u6728\u6750<\/p>\n<\/li>\n<li data-start=\"1125\" data-end=\"1194\">\n<p data-start=\"1127\" data-end=\"1194\"><strong data-start=\"1127\" data-end=\"1141\">\u30d1\u30c3\u30b1\u30fc\u30b8:<\/strong> \u6a19\u6e96\u7684\u306a\u4fdd\u8b77\u30dc\u30c3\u30af\u30b9;\u30ae\u30d5\u30c8\u30dc\u30c3\u30af\u30b9\u306e\u30a2\u30c3\u30d7\u30b0\u30ec\u30fc\u30c9\u306f\u30aa\u30d7\u30b7\u30e7\u30f3<\/p>\n<\/li>\n<\/ul>\n<hr data-start=\"1196\" data-end=\"1199\">\n<h2 data-start=\"1201\" data-end=\"1229\"><strong data-start=\"1204\" data-end=\"1229\">\u30ab\u30b9\u30bf\u30de\u30a4\u30ba\u30aa\u30d7\u30b7\u30e7\u30f3<\/strong><\/h2>\n<ul data-start=\"1230\" data-end=\"1336\">\n<li data-start=\"1230\" data-end=\"1266\">\n<p data-start=\"1232\" data-end=\"1266\">\u7248\u753b(\u540d\u524d\u3001\u79f0\u53f7\u3001\u65e5\u4ed8)<\/p>\n<\/li>\n<li data-start=\"1267\" data-end=\"1285\">\n<p data-start=\"1269\" data-end=\"1285\">\u30ed\u30b4\u306e\u914d\u7f6e<\/p>\n<\/li>\n<li data-start=\"1286\" data-end=\"1313\">\n<p data-start=\"1288\" data-end=\"1313\">\u30d7\u30ec\u30fc\u30c8\u306e\u8a2d\u8a08\u3068\u30ec\u30a4\u30a2\u30a6\u30c8<\/p>\n<\/li>\n<li data-start=\"1314\" data-end=\"1336\">\n<p data-start=\"1316\" data-end=\"1336\">\u30d1\u30c3\u30b1\u30fc\u30b8\u30f3\u30b0\u306e\u30a2\u30c3\u30d7\u30b0\u30ec\u30fc\u30c9<\/p>\n<\/li>\n<\/ul>\n<hr data-start=\"1338\" data-end=\"1341\">\n<h2 data-start=\"1343\" data-end=\"1371\"><strong data-start=\"1346\" data-end=\"1371\">\u751f\u7523\u3068\u7d0d\u54c1<\/strong><\/h2>\n<ul data-start=\"1372\" data-end=\"1494\">\n<li data-start=\"1372\" data-end=\"1433\">\n<p data-start=\"1374\" data-end=\"1433\">\u5236\u4f5c\u671f\u9593:\u4f5c\u54c1\u627f\u8a8d\u5f8c2\u301c5\u55b6\u696d\u65e5<\/p>\n<\/li>\n<li data-start=\"1434\" data-end=\"1456\">\n<p data-start=\"1436\" data-end=\"1456\">\u4e16\u754c\u914d\u9001<\/p>\n<\/li>\n<li data-start=\"1457\" data-end=\"1494\">\n<p data-start=\"1459\" data-end=\"1494\">\u6025\u884c\u914d\u9054\u30aa\u30d7\u30b7\u30e7\u30f3\u304c\u5229\u7528\u53ef\u80fd\u3067\u3059<\/p>\n<\/li>\n<\/ul>\n<hr data-start=\"1496\" data-end=\"1499\">\n<h2 data-start=\"1501\" data-end=\"1522\"><strong data-start=\"1504\" data-end=\"1522\">\u4fa1\u683c\u901a\u77e5<\/strong><\/h2>\n<p data-start=\"1523\" data-end=\"1637\">\u6700\u7d42\u7684\u306a\u4fa1\u683c\u306f\u6570\u91cf\u3084\u9001\u6599\u306b\u3088\u3063\u3066\u7570\u306a\u308a\u307e\u3059\u3002<br data-start=\"1581\" data-end=\"1584\">\u6b63\u78ba\u306a\u898b\u7a4d\u3082\u308a\u3092\u3054\u5e0c\u671b\u306e\u5834\u5408\u306f\u3001\u4ee5\u4e0b\u306e\u30d5\u30a9\u30fc\u30e0\u304b\u3089\u3054\u63d0\u51fa\u304f\u3060\u3055\u3044\u3002<\/p>\n","protected":false},"excerpt":{"rendered":"<p><strong data-start=\"341\" data-end=\"369\">\u91d1\u5c5e\u3001\u30af\u30ea\u30b9\u30bf\u30eb\u3001\u6728\u6750<\/strong>\u3067\u4f5c\u3089\u308c\u3001\u30a8\u30ec\u30ac\u30f3\u30c8\u306a\u30b9\u30a4\u30f3\u30b0\u30b4\u30eb\u30d5\u30a1\u30fc\u306e\u30b7\u30eb\u30a8\u30c3\u30c8\u3092\u7279\u5fb4\u3068\u3059\u308b\u30d7\u30ec\u30df\u30a2\u30e0\u30b4\u30eb\u30d5\u30c8\u30ed\u30d5\u30a3\u30fc\u3002<br data-start=\"419\" data-end=\"422\"><strong data-start=\"422\" data-end=\"478\">\u30b5\u30a4\u30ba:25.5 \u00d7 8.5 \u00d7 8.5 cm(10.0 \u00d7 3.3 \u00d7 3.3\u30a4\u30f3\u30c1)\u3002<\/strong><br data-start=\"478\" data-end=\"481\">\u30b4\u30eb\u30d5\u30c8\u30fc\u30ca\u30e1\u30f3\u30c8\u3001\u30af\u30e9\u30d6\u9078\u624b\u6a29\u3001\u30ea\u30fc\u30b0\u30a4\u30d9\u30f3\u30c8\u3001\u30d1\u30fc\u30bd\u30ca\u30e9\u30a4\u30ba\u3055\u308c\u305f\u30b4\u30eb\u30d5\u8cde\u306b\u6700\u9069\u3067\u3059\u3002 <strong data-start=\"576\" data-end=\"604\">\u7121\u6599\u306e\u5f6b\u523b\u3082\u542b\u307e\u308c\u307e\u3059\u3002<\/strong><\/p>\n","protected":false},"featured_media":9386,"template":"","meta":[],"product_brand":[],"product_cat":[257,256,255],"product_tag":[258,259],"class_list":{"0":"post-10463","1":"product","2":"type-product","3":"status-publish","4":"has-post-thumbnail","6":"product_cat-resin-trophies","7":"product_cat-wooden-trophies","8":"product_cat-metal-trophies","9":"product_tag-258","10":"product_tag-259","12":"first","13":"instock","14":"sale","15":"shipping-taxable","16":"purchasable","17":"product-type-simple"},"jetpack_sharing_enabled":true,"_links":{"self":[{"href":"https:\/\/awardora.com\/ja\/wp-json\/wp\/v2\/product\/10463","targetHints":{"allow":["GET"]}}],"collection":[{"href":"https:\/\/awardora.com\/ja\/wp-json\/wp\/v2\/product"}],"about":[{"href":"https:\/\/awardora.com\/ja\/wp-json\/wp\/v2\/types\/product"}],"version-history":[{"count":0,"href":"https:\/\/awardora.com\/ja\/wp-json\/wp\/v2\/product\/10463\/revisions"}],"wp:featuredmedia":[{"embeddable":true,"href":"https:\/\/awardora.com\/ja\/wp-json\/wp\/v2\/media\/9386"}],"wp:attachment":[{"href":"https:\/\/awardora.com\/ja\/wp-json\/wp\/v2\/media?parent=10463"}],"wp:term":[{"taxonomy":"product_brand","embeddable":true,"href":"https:\/\/awardora.com\/ja\/wp-json\/wp\/v2\/product_brand?post=10463"},{"taxonomy":"product_cat","embeddable":true,"href":"https:\/\/awardora.com\/ja\/wp-json\/wp\/v2\/product_cat?post=10463"},{"taxonomy":"product_tag","embeddable":true,"href":"https:\/\/awardora.com\/ja\/wp-json\/wp\/v2\/product_tag?post=10463"}],"curies":[{"name":"wp","href":"https:\/\/api.w.org\/{rel}","templated":true}]}}